{"id":4315,"date":"2021-09-17T20:59:58","date_gmt":"2021-09-17T18:59:58","guid":{"rendered":"https:\/\/france-vignette.fr\/?page_id=4315"},"modified":"2021-09-18T21:06:59","modified_gmt":"2021-09-18T19:06:59","slug":"home-deutch","status":"publish","type":"page","link":"https:\/\/france-vignette.fr\/de\/","title":{"rendered":"Home deutch"},"content":{"rendered":"<div data-elementor-type=\"wp-page\" data-elementor-id=\"4315\" class=\"elementor elementor-4315\" data-elementor-settings=\"[]\">\n\t\t\t\t\t\t\t<div class=\"elementor-section-wrap\">\n\t\t\t\t\t\t\t<section class=\"elementor-section elementor-top-section elementor-element elementor-element-44889c00 elementor-section-height-min-height elementor-section-boxed elementor-section-height-default elementor-section-items-middle\" data-id=\"44889c00\" data-element_type=\"section\" data-settings=\"{&quot;background_background&quot;:&quot;classic&quot;}\">\n\t\t\t\t\t\t<div class=\"elementor-container elementor-column-gap-default\">\n\t\t\t\t\t<div class=\"elementor-column elementor-col-100 elementor-top-column elementor-element elementor-element-214068b4\" data-id=\"214068b4\" data-element_type=\"column\">\n\t\t\t<div class=\"elementor-widget-wrap elementor-element-populated\">\n\t\t\t\t\t\t\t\t<div class=\"elementor-element elementor-element-452ba51 elementor-widget elementor-widget-heading\" data-id=\"452ba51\" data-element_type=\"widget\" data-widget_type=\"heading.default\">\n\t\t\t\t<div class=\"elementor-widget-container\">\n\t\t\t<h2 class=\"elementor-heading-title elementor-size-default\">Anti-Schadstoffplakette f\u00fcr ausl\u00e4ndische Fahrzeuge<\/h2>\t\t<\/div>\n\t\t\t\t<\/div>\n\t\t\t\t<div class=\"elementor-element elementor-element-3b7e34f elementor-widget-divider--view-line elementor-widget elementor-widget-divider\" data-id=\"3b7e34f\" data-element_type=\"widget\" data-widget_type=\"divider.default\">\n\t\t\t\t<div class=\"elementor-widget-container\">\n\t\t\t\t\t<div class=\"elementor-divider\">\n\t\t\t<span class=\"elementor-divider-separator\">\n\t\t\t\t\t\t<\/span>\n\t\t<\/div>\n\t\t\t\t<\/div>\n\t\t\t\t<\/div>\n\t\t\t\t<section class=\"elementor-section elementor-inner-section elementor-element elementor-element-579142f1 elementor-section-height-min-height animated-slow elementor-section-boxed elementor-section-height-default elementor-invisible\" data-id=\"579142f1\" data-element_type=\"section\" data-settings=\"{&quot;animation&quot;:&quot;fadeIn&quot;}\">\n\t\t\t\t\t\t<div class=\"elementor-container elementor-column-gap-wide\">\n\t\t\t\t\t<div class=\"elementor-column elementor-col-50 elementor-inner-column elementor-element elementor-element-1ab589bc\" data-id=\"1ab589bc\" data-element_type=\"column\">\n\t\t\t<div class=\"elementor-widget-wrap elementor-element-populated\">\n\t\t\t\t\t\t\t\t<div class=\"elementor-element elementor-element-7cbedd9b elementor-position-left elementor-vertical-align-middle envato-kit-140-imagebox-nospace elementor-widget elementor-widget-image-box\" data-id=\"7cbedd9b\" data-element_type=\"widget\" data-widget_type=\"image-box.default\">\n\t\t\t\t<div class=\"elementor-widget-container\">\n\t\t\t<div class=\"elementor-image-box-wrapper\"><figure class=\"elementor-image-box-img\"><a href=\"https:\/\/france-vignette.fr\/de\/product\/vignette-critair-pour-vehicules-francais\/\"><img src=\"https:\/\/france-vignette.fr\/wp-content\/uploads\/elementor\/thumbs\/Flag_of_France-pcut5szz8xuyscldod0h0kft04simjwtm752nyo5a0.png\" title=\"Flag_of_France\" alt=\"Flag_of_France\" class=\"elementor-animation-bob\" \/><\/a><\/figure><div class=\"elementor-image-box-content\"><div class=\"elementor-image-box-title\"><a href=\"https:\/\/france-vignette.fr\/de\/product\/vignette-critair-pour-vehicules-francais\/\">In Frankreich zugelassene Fahrzeuge<\/a><\/div><p class=\"elementor-image-box-description\">Mit diesem Service k\u00f6nnen Sie mit wenigen Klicks ein Luftqualit\u00e4tszertifikat f\u00fcr Ihr Fahrzeug in Frankreich beantragen.<\/p><\/div><\/div>\t\t<\/div>\n\t\t\t\t<\/div>\n\t\t\t\t<div class=\"elementor-element elementor-element-c1ffd2c elementor-position-left elementor-vertical-align-middle envato-kit-140-imagebox-nospace elementor-widget elementor-widget-image-box\" data-id=\"c1ffd2c\" data-element_type=\"widget\" data-widget_type=\"image-box.default\">\n\t\t\t\t<div class=\"elementor-widget-container\">\n\t\t\t<div class=\"elementor-image-box-wrapper\"><figure class=\"elementor-image-box-img\"><a href=\"https:\/\/france-vignette.fr\/es\/product\/servicio-de-entrega-de-certificados-calidad-del-aire\/\"><img src=\"https:\/\/france-vignette.fr\/wp-content\/uploads\/elementor\/thumbs\/Flag_of_Spain-pcut3j80qcr0q9w5xvnxhn2pblzl0vw6aydtww1ebc.png\" title=\"Flag_of_Spain\" alt=\"Flag_of_Spain\" class=\"elementor-animation-bob\" \/><\/a><\/figure><div class=\"elementor-image-box-content\"><div class=\"elementor-image-box-title\"><a href=\"https:\/\/france-vignette.fr\/es\/product\/servicio-de-entrega-de-certificados-calidad-del-aire\/\">In Spanien zugelassene Fahrzeuge<\/a><\/div><p class=\"elementor-image-box-description\">Mit diesem Service k\u00f6nnen Sie mit wenigen Klicks ein Luftqualit\u00e4tszertifikat f\u00fcr Ihr Fahrzeug in Spanien beantragen.<\/p><\/div><\/div>\t\t<\/div>\n\t\t\t\t<\/div>\n\t\t\t\t<div class=\"elementor-element elementor-element-41fcea4 elementor-position-left elementor-vertical-align-middle envato-kit-140-imagebox-nospace elementor-widget elementor-widget-image-box\" data-id=\"41fcea4\" data-element_type=\"widget\" data-widget_type=\"image-box.default\">\n\t\t\t\t<div class=\"elementor-widget-container\">\n\t\t\t<div class=\"elementor-image-box-wrapper\"><figure class=\"elementor-image-box-img\"><a href=\"https:\/\/france-vignette.fr\/it\/product\/il-servizio-di-consegna-della-qualita-dellaria-certificato\/\"><img src=\"https:\/\/france-vignette.fr\/wp-content\/uploads\/elementor\/thumbs\/Flag_of_Italy-pcut3k5ux6sb1vusse2k24u5wzuy8kzwn31be60054.png\" title=\"Flag_of_Italy\" alt=\"Flag_of_Italy\" class=\"elementor-animation-bob\" \/><\/a><\/figure><div class=\"elementor-image-box-content\"><div class=\"elementor-image-box-title\"><a href=\"https:\/\/france-vignette.fr\/it\/product\/il-servizio-di-consegna-della-qualita-dellaria-certificato\/\">In Italien zugelassene Fahrzeuge<\/a><\/div><p class=\"elementor-image-box-description\">Mit diesem Service k\u00f6nnen Sie mit wenigen Klicks ein Luftqualit\u00e4tszertifikat f\u00fcr Ihr Fahrzeug in Italien beantragen.<\/p><\/div><\/div>\t\t<\/div>\n\t\t\t\t<\/div>\n\t\t\t\t\t<\/div>\n\t\t<\/div>\n\t\t\t\t<div class=\"elementor-column elementor-col-50 elementor-inner-column elementor-element elementor-element-45a001af\" data-id=\"45a001af\" data-element_type=\"column\">\n\t\t\t<div class=\"elementor-widget-wrap elementor-element-populated\">\n\t\t\t\t\t\t\t\t<div class=\"elementor-element elementor-element-c8ec273 elementor-position-left elementor-vertical-align-middle envato-kit-140-imagebox-nospace elementor-widget elementor-widget-image-box\" data-id=\"c8ec273\" data-element_type=\"widget\" data-widget_type=\"image-box.default\">\n\t\t\t\t<div class=\"elementor-widget-container\">\n\t\t\t<div class=\"elementor-image-box-wrapper\"><figure class=\"elementor-image-box-img\"><a href=\"https:\/\/france-vignette.fr\/de\/product\/anti-schadstoff-plakette-fur-auslandische-fahrzeuge\/\"><img src=\"https:\/\/france-vignette.fr\/wp-content\/uploads\/elementor\/thumbs\/Flag_of_Germany.svg-pcvkbu2id4pj1vy8o4bserjwf87howme2zux2ojb20.png\" title=\"Flag_of_Germany.svg\" alt=\"Flag_of_Germany.svg\" class=\"elementor-animation-bob\" \/><\/a><\/figure><div class=\"elementor-image-box-content\"><div class=\"elementor-image-box-title\"><a href=\"https:\/\/france-vignette.fr\/de\/product\/anti-schadstoff-plakette-fur-auslandische-fahrzeuge\/\">In Deutschland zugelassene Fahrzeuge<\/a><\/div><p class=\"elementor-image-box-description\">Mit diesem Service k\u00f6nnen Sie mit wenigen Klicks ein Luftqualit\u00e4tsgutachten f\u00fcr Ihr Fahrzeug in Deutschland beantragen.<\/p><\/div><\/div>\t\t<\/div>\n\t\t\t\t<\/div>\n\t\t\t\t<div class=\"elementor-element elementor-element-3237a23 elementor-position-left elementor-vertical-align-middle envato-kit-140-imagebox-nospace elementor-widget elementor-widget-image-box\" data-id=\"3237a23\" data-element_type=\"widget\" data-widget_type=\"image-box.default\">\n\t\t\t\t<div class=\"elementor-widget-container\">\n\t\t\t<div class=\"elementor-image-box-wrapper\"><figure class=\"elementor-image-box-img\"><a href=\"https:\/\/france-vignette.fr\/en\/product\/air-quality-certificate-service\/\"><img src=\"https:\/\/france-vignette.fr\/wp-content\/uploads\/elementor\/thumbs\/Flag_of_the_UK-pcut3nx7oixgcbpc6fp2c3w0ajcf3detzln9b9ufg8.png\" title=\"Flag_of_the_UK\" alt=\"Flag_of_the_UK\" class=\"elementor-animation-bob\" \/><\/a><\/figure><div class=\"elementor-image-box-content\"><div class=\"elementor-image-box-title\"><a href=\"https:\/\/france-vignette.fr\/en\/product\/air-quality-certificate-service\/\">In Gro\u00dfbritannien registrierte Fahrzeuge<\/a><\/div><p class=\"elementor-image-box-description\">Mit diesem Service k\u00f6nnen Sie mit wenigen Klicks ein Luftqualit\u00e4tszertifikat f\u00fcr Ihr Fahrzeug in Gro\u00dfbritannien beantragen.<\/p><\/div><\/div>\t\t<\/div>\n\t\t\t\t<\/div>\n\t\t\t\t<div class=\"elementor-element elementor-element-b980ad2 elementor-position-left elementor-vertical-align-middle envato-kit-140-imagebox-nospace elementor-widget elementor-widget-image-box\" data-id=\"b980ad2\" data-element_type=\"widget\" data-widget_type=\"image-box.default\">\n\t\t\t\t<div class=\"elementor-widget-container\">\n\t\t\t<div class=\"elementor-image-box-wrapper\"><figure class=\"elementor-image-box-img\"><a href=\"https:\/\/france-vignette.fr\/nl\/product\/critair-sticker-voor-nederlandse-voertuigen\/\"><img width=\"225\" height=\"150\" src=\"https:\/\/france-vignette.fr\/wp-content\/uploads\/2021\/09\/Flag_of_the_Netherlands.png\" class=\"elementor-animation-bob attachment-full size-full\" alt=\"\" style=\"width:100%;height:66.67%;max-width:225px\" \/><\/a><\/figure><div class=\"elementor-image-box-content\"><div class=\"elementor-image-box-title\"><a href=\"https:\/\/france-vignette.fr\/nl\/product\/critair-sticker-voor-nederlandse-voertuigen\/\">In Holland zugelassene Fahrzeuge<\/a><\/div><p class=\"elementor-image-box-description\">Mit diesem Service k\u00f6nnen Sie mit wenigen Klicks ein Luftqualit\u00e4tszertifikat f\u00fcr Ihr Fahrzeug in Holland beantragen.<\/p><\/div><\/div>\t\t<\/div>\n\t\t\t\t<\/div>\n\t\t\t\t\t<\/div>\n\t\t<\/div>\n\t\t\t\t\t\t\t<\/div>\n\t\t<\/section>\n\t\t\t\t<section class=\"elementor-section elementor-inner-section elementor-element elementor-element-e89e8c1 animated-slow elementor-section-full_width elementor-section-height-default elementor-section-height-default elementor-invisible\" data-id=\"e89e8c1\" data-element_type=\"section\" data-settings=\"{&quot;animation&quot;:&quot;fadeIn&quot;}\">\n\t\t\t\t\t\t<div class=\"elementor-container elementor-column-gap-default\">\n\t\t\t\t\t<div class=\"elementor-column elementor-col-100 elementor-inner-column elementor-element elementor-element-cd02b7e\" data-id=\"cd02b7e\" data-element_type=\"column\">\n\t\t\t<div class=\"elementor-widget-wrap elementor-element-populated\">\n\t\t\t\t\t\t\t\t<div class=\"elementor-element elementor-element-d705101 elementor-position-left elementor-vertical-align-middle envato-kit-140-imagebox-nospace elementor-widget elementor-widget-image-box\" data-id=\"d705101\" data-element_type=\"widget\" data-widget_type=\"image-box.default\">\n\t\t\t\t<div class=\"elementor-widget-container\">\n\t\t\t<div class=\"elementor-image-box-wrapper\"><figure class=\"elementor-image-box-img\"><a href=\"https:\/\/france-vignette.fr\/de\/product\/vignette-critair-pour-les-vehicules-etrangers\/\"><img width=\"200\" height=\"200\" src=\"https:\/\/france-vignette.fr\/wp-content\/uploads\/2021\/05\/bel-sui-lux.jpg\" class=\"elementor-animation-bob attachment-full size-full\" alt=\"\" style=\"width:100%;height:100%;max-width:200px\" \/><\/a><\/figure><div class=\"elementor-image-box-content\"><div class=\"elementor-image-box-title\"><a href=\"https:\/\/france-vignette.fr\/de\/product\/vignette-critair-pour-les-vehicules-etrangers\/\">Ihr Fahrzeug ist in Belgien, der Schweiz und Luxemburg zugelassen<\/a><\/div><p class=\"elementor-image-box-description\">Mit diesem Service k\u00f6nnen Sie mit wenigen Klicks ein Luftqualit\u00e4tszertifikat f\u00fcr Ihr Fahrzeug in Belgien, der Schweiz und Luxemburg beantragen.<\/p><\/div><\/div>\t\t<\/div>\n\t\t\t\t<\/div>\n\t\t\t\t\t<\/div>\n\t\t<\/div>\n\t\t\t\t\t\t\t<\/div>\n\t\t<\/section>\n\t\t\t\t\t<\/div>\n\t\t<\/div>\n\t\t\t\t\t\t\t<\/div>\n\t\t<\/section>\n\t\t\t\t\t\t<\/div>\n\t\t\t\t\t<\/div>","protected":false},"excerpt":{"rendered":"<p>Anti-Schadstoffplakette f\u00fcr ausl\u00e4ndische Fahrzeuge In Frankreich zugelassene Fahrzeuge Mit diesem Service k\u00f6nnen Sie mit wenigen Klicks ein Luftqualit\u00e4tszertifikat f\u00fcr Ihr Fahrzeug in Frankreich beantragen. In Spanien zugelassene Fahrzeuge Mit diesem Service k\u00f6nnen Sie mit wenigen Klicks ein Luftqualit\u00e4tszertifikat f\u00fcr Ihr Fahrzeug in Spanien beantragen. In Italien zugelassene Fahrzeuge Mit diesem Service k\u00f6nnen Sie mit wenigen&hellip; <a class=\"more-link\" href=\"https:\/\/france-vignette.fr\/de\/\"><span class=\"screen-reader-text\">Home deutch<\/span> weiterlesen<\/a><\/p>","protected":false},"author":1,"featured_media":0,"parent":0,"menu_order":0,"comment_status":"closed","ping_status":"closed","template":"","meta":[],"yoast_head":"<!-- This site is optimized with the Yoast SEO plugin v17.8 - https:\/\/yoast.com\/wordpress\/plugins\/seo\/ -->\n<title>France Vignette Pollution Crit&#039;Air: Tout savoir, toutes les informations ...<\/title>\n<meta name=\"description\" content=\"Vignette Pollution: Comment l&#039;acheter, prix de la vignette pollution, est-elle obligatoire ? Pour qui ? Les villes concern\u00e9es ...\" \/>\n<meta name=\"robots\" content=\"index, follow, max-snippet:-1, max-image-preview:large, max-video-preview:-1\" \/>\n<link rel=\"canonical\" href=\"https:\/\/france-vignette.fr\/de\/\" \/>\n<meta property=\"og:locale\" content=\"de_DE\" \/>\n<meta property=\"og:type\" content=\"article\" \/>\n<meta property=\"og:title\" content=\"France Vignette Pollution Crit&#039;Air: Tout savoir, toutes les informations ...\" \/>\n<meta property=\"og:description\" content=\"Vignette Pollution: Comment l&#039;acheter, prix de la vignette pollution, est-elle obligatoire ? Pour qui ? Les villes concern\u00e9es ...\" \/>\n<meta property=\"og:url\" content=\"https:\/\/france-vignette.fr\/de\/\" \/>\n<meta property=\"og:site_name\" content=\"Vignette Crit&#039;Air\" \/>\n<meta property=\"article:modified_time\" content=\"2021-09-18T19:06:59+00:00\" \/>\n<meta property=\"og:image\" content=\"https:\/\/france-vignette.fr\/wp-content\/uploads\/2021\/05\/LA-VIGNETTE.png\" \/>\n\t<meta property=\"og:image:width\" content=\"300\" \/>\n\t<meta property=\"og:image:height\" content=\"70\" \/>\n<meta name=\"twitter:card\" content=\"summary_large_image\" \/>\n<meta name=\"twitter:label1\" content=\"Gesch\u00e4tzte Lesezeit\" \/>\n\t<meta name=\"twitter:data1\" content=\"3\u00a0Minuten\" \/>\n<script type=\"application\/ld+json\" class=\"yoast-schema-graph\">{\"@context\":\"https:\/\/schema.org\",\"@graph\":[{\"@type\":\"WebSite\",\"@id\":\"https:\/\/france-vignette.fr\/en\/#website\",\"url\":\"https:\/\/france-vignette.fr\/en\/\",\"name\":\"Vignette Crit&#039;Air\",\"description\":\"France\",\"potentialAction\":[{\"@type\":\"SearchAction\",\"target\":{\"@type\":\"EntryPoint\",\"urlTemplate\":\"https:\/\/france-vignette.fr\/en\/?s={search_term_string}\"},\"query-input\":\"required name=search_term_string\"}],\"inLanguage\":\"de\"},{\"@type\":\"ImageObject\",\"@id\":\"https:\/\/france-vignette.fr\/de\/#primaryimage\",\"inLanguage\":\"de\",\"url\":\"https:\/\/france-vignette.fr\/wp-content\/uploads\/2021\/05\/LA-VIGNETTE.png\",\"contentUrl\":\"https:\/\/france-vignette.fr\/wp-content\/uploads\/2021\/05\/LA-VIGNETTE.png\",\"width\":300,\"height\":70,\"caption\":\"vignette crit'air pollution critere\"},{\"@type\":\"WebPage\",\"@id\":\"https:\/\/france-vignette.fr\/de\/#webpage\",\"url\":\"https:\/\/france-vignette.fr\/de\/\",\"name\":\"France Vignette Pollution Crit'Air: Tout savoir, toutes les informations ...\",\"isPartOf\":{\"@id\":\"https:\/\/france-vignette.fr\/en\/#website\"},\"primaryImageOfPage\":{\"@id\":\"https:\/\/france-vignette.fr\/de\/#primaryimage\"},\"datePublished\":\"2021-09-17T18:59:58+00:00\",\"dateModified\":\"2021-09-18T19:06:59+00:00\",\"description\":\"Vignette Pollution: Comment l'acheter, prix de la vignette pollution, est-elle obligatoire ? Pour qui ? Les villes concern\\u00e9es ...\",\"breadcrumb\":{\"@id\":\"https:\/\/france-vignette.fr\/de\/#breadcrumb\"},\"inLanguage\":\"de\",\"potentialAction\":[{\"@type\":\"ReadAction\",\"target\":[\"https:\/\/france-vignette.fr\/de\/\"]}]},{\"@type\":\"BreadcrumbList\",\"@id\":\"https:\/\/france-vignette.fr\/de\/#breadcrumb\",\"itemListElement\":[{\"@type\":\"ListItem\",\"position\":1,\"name\":\"Home\",\"item\":\"https:\/\/france-vignette.fr\/de\/\"},{\"@type\":\"ListItem\",\"position\":2,\"name\":\"Home deutch\"}]}]}<\/script>\n<!-- \/ Yoast SEO plugin. -->","yoast_head_json":{"title":"France Vignette Pollution Crit'Air: Tout savoir, toutes les informations ...","description":"Vignette Pollution: Comment l'acheter, prix de la vignette pollution, est-elle obligatoire ? Pour qui ? Les villes concern\u00e9es ...","robots":{"index":"index","follow":"follow","max-snippet":"max-snippet:-1","max-image-preview":"max-image-preview:large","max-video-preview":"max-video-preview:-1"},"canonical":"https:\/\/france-vignette.fr\/de\/","og_locale":"de_DE","og_type":"article","og_title":"France Vignette Pollution Crit'Air: Tout savoir, toutes les informations ...","og_description":"Vignette Pollution: Comment l'acheter, prix de la vignette pollution, est-elle obligatoire ? Pour qui ? Les villes concern\u00e9es ...","og_url":"https:\/\/france-vignette.fr\/de\/","og_site_name":"Vignette Crit&#039;Air","article_modified_time":"2021-09-18T19:06:59+00:00","og_image":[{"width":300,"height":70,"url":"https:\/\/france-vignette.fr\/wp-content\/uploads\/2021\/05\/LA-VIGNETTE.png","type":"image\/png"}],"twitter_card":"summary_large_image","twitter_misc":{"Gesch\u00e4tzte Lesezeit":"3\u00a0Minuten"},"schema":{"@context":"https:\/\/schema.org","@graph":[{"@type":"WebSite","@id":"https:\/\/france-vignette.fr\/en\/#website","url":"https:\/\/france-vignette.fr\/en\/","name":"Vignette Crit&#039;Air","description":"France","potentialAction":[{"@type":"SearchAction","target":{"@type":"EntryPoint","urlTemplate":"https:\/\/france-vignette.fr\/en\/?s={search_term_string}"},"query-input":"required name=search_term_string"}],"inLanguage":"de"},{"@type":"ImageObject","@id":"https:\/\/france-vignette.fr\/de\/#primaryimage","inLanguage":"de","url":"https:\/\/france-vignette.fr\/wp-content\/uploads\/2021\/05\/LA-VIGNETTE.png","contentUrl":"https:\/\/france-vignette.fr\/wp-content\/uploads\/2021\/05\/LA-VIGNETTE.png","width":300,"height":70,"caption":"vignette crit'air pollution critere"},{"@type":"WebPage","@id":"https:\/\/france-vignette.fr\/de\/#webpage","url":"https:\/\/france-vignette.fr\/de\/","name":"France Vignette Pollution Crit'Air: Tout savoir, toutes les informations ...","isPartOf":{"@id":"https:\/\/france-vignette.fr\/en\/#website"},"primaryImageOfPage":{"@id":"https:\/\/france-vignette.fr\/de\/#primaryimage"},"datePublished":"2021-09-17T18:59:58+00:00","dateModified":"2021-09-18T19:06:59+00:00","description":"Vignette Pollution: Comment l'acheter, prix de la vignette pollution, est-elle obligatoire ? Pour qui ? Les villes concern\u00e9es ...","breadcrumb":{"@id":"https:\/\/france-vignette.fr\/de\/#breadcrumb"},"inLanguage":"de","potentialAction":[{"@type":"ReadAction","target":["https:\/\/france-vignette.fr\/de\/"]}]},{"@type":"BreadcrumbList","@id":"https:\/\/france-vignette.fr\/de\/#breadcrumb","itemListElement":[{"@type":"ListItem","position":1,"name":"Home","item":"https:\/\/france-vignette.fr\/de\/"},{"@type":"ListItem","position":2,"name":"Home deutch"}]}]}},"lang":"de","translations":{"de":4315,"nl":4221,"it":4179,"es":4172,"en":4162,"fr":111},"_links":{"self":[{"href":"https:\/\/france-vignette.fr\/de\/wp-json\/wp\/v2\/pages\/4315"}],"collection":[{"href":"https:\/\/france-vignette.fr\/de\/wp-json\/wp\/v2\/pages"}],"about":[{"href":"https:\/\/france-vignette.fr\/de\/wp-json\/wp\/v2\/types\/page"}],"author":[{"embeddable":true,"href":"https:\/\/france-vignette.fr\/de\/wp-json\/wp\/v2\/users\/1"}],"replies":[{"embeddable":true,"href":"https:\/\/france-vignette.fr\/de\/wp-json\/wp\/v2\/comments?post=4315"}],"version-history":[{"count":12,"href":"https:\/\/france-vignette.fr\/de\/wp-json\/wp\/v2\/pages\/4315\/revisions"}],"predecessor-version":[{"id":4386,"href":"https:\/\/france-vignette.fr\/de\/wp-json\/wp\/v2\/pages\/4315\/revisions\/4386"}],"wp:attachment":[{"href":"https:\/\/france-vignette.fr\/de\/wp-json\/wp\/v2\/media?parent=4315"}],"curies":[{"name":"wp","href":"https:\/\/api.w.org\/{rel}","templated":true}]}}